{"id":22370,"date":"2018-01-17T10:36:22","date_gmt":"2018-01-17T10:36:22","guid":{"rendered":"http:\/\/didaktikdeutsch.uni-jena.de\/leitung\/"},"modified":"2025-12-03T12:19:16","modified_gmt":"2025-12-03T12:19:16","slug":"head","status":"publish","type":"page","link":"https:\/\/didaktikdeutsch.de\/en\/head\/","title":{"rendered":"Head"},"content":{"rendered":"<p>[vc_row row_type=&#8221;row&#8221; use_row_as_full_screen_section=&#8221;no&#8221; type=&#8221;full_width&#8221; text_align=&#8221;left&#8221; background_animation=&#8221;none&#8221; css_animation=&#8221;&#8221;][vc_column width=&#8221;2\/3&#8243;][vc_column_text]<\/p>\n<h2>Head<\/h2>\n<p>[\/vc_column_text][\/vc_column][vc_column width=&#8221;1\/3&#8243;][\/vc_column][\/vc_row][vc_row row_type=&#8221;row&#8221; use_row_as_full_screen_section=&#8221;no&#8221; type=&#8221;full_width&#8221; text_align=&#8221;left&#8221; background_animation=&#8221;none&#8221; css_animation=&#8221;&#8221;][vc_column][vc_separator type=&#8221;transparent&#8221; border_style=&#8221;&#8221; thickness=&#8221;35&#8243;][\/vc_column][\/vc_row][vc_row row_type=&#8221;row&#8221; use_row_as_full_screen_section=&#8221;no&#8221; type=&#8221;full_width&#8221; text_align=&#8221;left&#8221; background_animation=&#8221;none&#8221; css_animation=&#8221;&#8221;][vc_column width=&#8221;1\/4&#8243;]<div class=\"image_with_text\"><img decoding=\"async\" src=\"https:\/\/didaktikdeutsch.de\/wp-content\/uploads\/2023\/12\/Winkler_Iris_23sw.jpg\" alt=\"\" \/><h3 style=\"color:#003366;\"><\/h3><span style=\"margin: 6px 0px;\" class=\"separator transparent\"><\/span><\/p>\n<h4>Photo: Anne G\u00fcnther (University Jena)<\/h4>\n<p><\/div>[vc_separator type=&#8221;transparent&#8221; border_style=&#8221;&#8221; thickness=&#8221;35&#8243;][\/vc_column][vc_column width=&#8221;1\/4&#8243;][vc_column_text]<\/p>\n<h3>Prof. Dr. Iris Winkler<br \/>\nHead<\/h3>\n<p>Office Hours:<br \/>\nby arrangement<br \/>\n<span lang=\"en\">(email: <\/span><span style=\"color: #000080;\"><a href=\"mailto:kerstin.wuthenow@uni-jena.de\" target=\"_blank\" rel=\"noopener noreferrer\">kerstin.wuthenow@uni-jena.de<\/a>)<\/span>[\/vc_column_text][vc_separator type=&#8221;transparent&#8221; border_style=&#8221;&#8221;]<div class=ordered><a href=\"mailto:iris.winkler@uni-jena.de\"><span style=\"color: #990033;\">iris.winkler@uni-jena.de<\/span><\/a><\/p>\n<p>Phone +49. 3641. 9442 80<\/p>\n<p>Fax +49. 3641. 9442 52<\/div>[vc_separator type=&#8221;transparent&#8221; border_style=&#8221;&#8221; thickness=&#8221;35&#8243;][\/vc_column][vc_column width=&#8221;1\/2&#8243;][vc_accordion active_tab=&#8221;false&#8221; collapsible=&#8221;yes&#8221; style=&#8221;accordion&#8221;][vc_accordion_tab title=&#8221;Biography&#8221; title_tag=&#8221;h3&#8243; title_color=&#8221;#003366&#8243;][vc_column_text]Iris is professor for German Language and Literature Education (L1) at the Friedrich Schiller University, Jena, Germany. In her research, she explores teaching and learning processes in literature classrooms, as well as how the professional development of German teachers can be fostered. In her current projects, Iris is particularly interested in the question of how literary knowledge can be modelled to support text comprehension (<a href=\"https:\/\/didaktikdeutsch.de\/en\/narrateach-2\/\" target=\"_blank\" rel=\"noopener\">NarraTeach<\/a>), and in the qualities of everyday literature teaching. She is investigating the latter as part of a larger video study (<a href=\"https:\/\/didaktikdeutsch.de\/en\/quality-2\/\" target=\"_blank\" rel=\"noopener\">QuaLity<\/a>). Believing that intercultural comparisons can broaden perspectives on approaches to L1 teaching, Iris maintains research and teaching collaborations with colleagues in Finland. Through her teaching, Iris aims to show her students how scientific knowledge can provide new solutions to the challenges they may face in future workplaces.[\/vc_column_text][\/vc_accordion_tab][vc_accordion_tab title=&#8221;Selected Publications&#8221; title_tag=&#8221;h3&#8243; title_color=&#8221;#003366&#8243;][vc_separator type=&#8221;transparent&#8221; border_style=&#8221;&#8221;][vc_column_text]<\/p>\n<ul>\n<li>Hesse, Florian &amp; Winkler, Iris (Eds.). (2025). Eine Literaturstunde \u2013 sechs Perspektiven auf Unterricht und Unterrichtsqualit\u00e4t. Ans\u00e4tze literaturdidaktischer Unterrichtsforschung in der Diskussion (Bd. 17). SLLD-B. <a href=\"https:\/\/doi.org\/10.46586\/SLLD.405\" target=\"_blank\" rel=\"noopener\">https:\/\/doi.org\/10.46586\/SLLD.405<\/a><\/li>\n<li>Winkler, I., &amp; Wieser, D. (2025). F\u00e4higkeiten zur Erz\u00e4hltextanalyse in Abh\u00e4ngigkeit vom Aufgabensupport: Eine Studie mit Lehramtsstudierenden des Faches Deutsch. Zeitschrift f\u00fcr Sprachlich-Literarisches Lernen und Deutschdidaktik, 5. <a href=\"https:\/\/doi.org\/10.46586\/SLLD.Z.2025.12112\" target=\"_blank\" rel=\"noopener\">https:\/\/doi.org\/10.46586\/SLLD.Z.2025.12112<\/a><\/li>\n<li>Winkler, I. (2024). Kognitiv aktivierende Gespr\u00e4chsf\u00fchrung: Ein Beispiel aus dem Literaturunterricht. In A.-K. Praetorius, W. Wemmer-Rogh, P. Schreyer, &amp; M. Brinkmann (Eds.), Kognitive Aktivierung unter der Lupe. Bestandsaufnahme und M\u00f6glichkeiten der Weiterentwicklung eines prominenten Konstrukts (S. 183\u2013196). Waxmann Verlag GmbH. <a href=\"https:\/\/doi.org\/10.31244\/9783830999010\" target=\"_blank\" rel=\"noopener\">https:\/\/doi.org\/10.31244\/9783830999010<\/a><\/li>\n<li>Keller, S., Steffensky, M., Winkler, I., Lindmeier, A., Bertram, C., Herrmann, C., Schreyer, P., Fauth, B., &amp; Praetorius, A.-K. (2024). Kognitive Aktivierung in den Fachdidaktiken: Ein fach\u00fcbergreifendes, fachspezifisches und lerngegenstandsorientiertes Konstrukt. In A.-K. Praetorius, W. Wemmer-Rogh, P. Schreyer, &amp; M. Brinkmann (Eds.), Kognitive Aktivierung unter der Lupe: Bestandsaufnahme und M\u00f6glichkeiten der Weiterentwicklung eines prominenten Konstrukts (S. 233\u2013247). Waxmann. <a href=\"https:\/\/doi.org\/10.31244\/9783830999010\" target=\"_blank\" rel=\"noopener\">https:\/\/doi.org\/10.31244\/9783830999010<\/a><\/li>\n<li>Hesse, F., &amp; Winkler, I. (2022). Fachliche Qualit\u00e4t im Literaturunterricht. Zeitschrift f\u00fcr Sprachlich-Literarisches Lernen und Deutschdidaktik (SLLD-Z), 2, 1\u201329. <a href=\"https:\/\/doi.org\/10.46586\/SLLD.Z.2022.9605\" target=\"_blank\" rel=\"noopener\">https:\/\/doi.org\/10.46586\/SLLD.Z.2022.9605<\/a><\/li>\n<li>Winkler, I. (2020). Cognitive activation in L1 literature classes. A content-specific framework for the description of teaching quality. L1-Educational Studies in Language and Literature, 20, 1\u201332. <a href=\"https:\/\/doi.org\/10.17239\/L1ESLL-2020.20.01.03\" target=\"_blank\" rel=\"noopener\">https:\/\/doi.org\/10.17239\/L1ESLL-2020.20.01.03<\/a><\/li>\n<li>Winkler, I., Fischer, A., Krause, U., &amp; Specht, B. (2020). Teacher education in the fields of German and mathematics: Facets of pedagogical content knowledge from an interdisciplinary perspective. RISTAL, 3, 68\u201385. <a href=\"https:\/\/doi.org\/10.23770\/rt1833\" target=\"_blank\" rel=\"noopener\">https:\/\/doi.org\/10.23770\/rt1833<\/a><\/li>\n<li>Tainio, L., &amp; Winkler, I. (2014). The construction of ideal reader in German and Finnish text-books for literacy education. L1-Educational Studies in Language and Literature, 14(1), 1\u201325. <a href=\"http:\/\/dx.doi.org\/10.17239\/L1ESLL-2014.01.05\" target=\"_blank\" rel=\"noopener\">http:\/\/dx.doi.org\/10.17239\/L1ESLL-2014.01.05<\/a><\/li>\n<\/ul>\n<p>[\/vc_column_text][\/vc_accordion_tab][vc_accordion_tab title=&#8221;Research Projects&#8221; title_tag=&#8221;h3&#8243; title_color=&#8221;#003366&#8243;][vc_column_text]<\/p>\n<ul>\n<li>Narrative transmission as threshold concept in literature classes (<a href=\"https:\/\/didaktikdeutsch.de\/narrateach-2\/\" target=\"_blank\" rel=\"noopener\">NarraTeach<\/a>)<\/li>\n<li>Quality in literature teaching (<a href=\"https:\/\/didaktikdeutsch.de\/quality-2\/\" target=\"_blank\" rel=\"noopener\">QuaLity<\/a>)<\/li>\n<\/ul>\n<p>[\/vc_column_text][\/vc_accordion_tab][\/vc_accordion][vc_separator type=&#8221;transparent&#8221; border_style=&#8221;&#8221; thickness=&#8221;50&#8243;][\/vc_column][\/vc_row]<\/p>\n","protected":false},"excerpt":{"rendered":"<p>[vc_row row_type=&#8221;row&#8221; use_row_as_full_screen_section=&#8221;no&#8221; type=&#8221;full_width&#8221; text_align=&#8221;left&#8221; background_animation=&#8221;none&#8221; css_animation=&#8221;&#8221;][vc_column width=&#8221;2\/3&#8243;][vc_column_text] Head [\/vc_column_text][\/vc_column][vc_column width=&#8221;1\/3&#8243;][\/vc_column][\/vc_row][vc_row row_type=&#8221;row&#8221; use_row_as_full_screen_section=&#8221;no&#8221; type=&#8221;full_width&#8221; text_align=&#8221;left&#8221;&#8230;<\/p>\n","protected":false},"author":1,"featured_media":0,"parent":0,"menu_order":0,"comment_status":"closed","ping_status":"closed","template":"","meta":{"footnotes":""},"class_list":["post-22370","page","type-page","status-publish","hentry"],"_links":{"self":[{"href":"https:\/\/didaktikdeutsch.de\/en\/wp-json\/wp\/v2\/pages\/22370","targetHints":{"allow":["GET"]}}],"collection":[{"href":"https:\/\/didaktikdeutsch.de\/en\/wp-json\/wp\/v2\/pages"}],"about":[{"href":"https:\/\/didaktikdeutsch.de\/en\/wp-json\/wp\/v2\/types\/page"}],"author":[{"embeddable":true,"href":"https:\/\/didaktikdeutsch.de\/en\/wp-json\/wp\/v2\/users\/1"}],"replies":[{"embeddable":true,"href":"https:\/\/didaktikdeutsch.de\/en\/wp-json\/wp\/v2\/comments?post=22370"}],"version-history":[{"count":28,"href":"https:\/\/didaktikdeutsch.de\/en\/wp-json\/wp\/v2\/pages\/22370\/revisions"}],"predecessor-version":[{"id":24201,"href":"https:\/\/didaktikdeutsch.de\/en\/wp-json\/wp\/v2\/pages\/22370\/revisions\/24201"}],"wp:attachment":[{"href":"https:\/\/didaktikdeutsch.de\/en\/wp-json\/wp\/v2\/media?parent=22370"}],"curies":[{"name":"wp","href":"https:\/\/api.w.org\/{rel}","templated":true}]}}