{"id":21719,"date":"2018-02-07T09:00:06","date_gmt":"2018-02-07T09:00:06","guid":{"rendered":"http:\/\/didaktikdeutsch.uni-jena.de\/?page_id=21719"},"modified":"2026-02-05T12:51:57","modified_gmt":"2026-02-05T12:51:57","slug":"studien-und-fachberatung","status":"publish","type":"page","link":"https:\/\/didaktikdeutsch.de\/en\/studien-und-fachberatung\/","title":{"rendered":"Studien- und Fachberatung"},"content":{"rendered":"<p>[vc_row row_type=&#8221;row&#8221; use_row_as_full_screen_section=&#8221;no&#8221; type=&#8221;full_width&#8221; text_align=&#8221;left&#8221; background_animation=&#8221;none&#8221; padding_top=&#8221;20&#8243; css_animation=&#8221;&#8221;][vc_column width=&#8221;2\/3&#8243;][vc_column_text]<\/p>\n<h2>Studien- und Fachberatung<\/h2>\n<p>[\/vc_column_text][vc_separator type=&#8221;transparent&#8221; border_style=&#8221;&#8221;][vc_column_text]Wenn Sie pers\u00f6nliche Beratung brauchen, wenden Sie sich bitte an Herrn Dr. Alexander L\u00f6ck, Fachstudienberater des Instituts f\u00fcr Germanistische Literaturwissenschaft<\/p>\n<p>Tel: +49. 3641. 9442 24, Email:<a href=\"mailto:alexander.loeck@uni-jena.de\"> alexander.loeck@uni-jena.de<\/a><\/p>\n<p>&nbsp;<\/p>\n<p>Bei Fragen, die aktuelle fachdidaktische Veranstaltungen betreffen, sprechen Sie bitte die zust\u00e4ndige Dozentin bzw. den zust\u00e4ndigen Dozenten an.[\/vc_column_text][vc_separator type=&#8221;transparent&#8221; border_style=&#8221;&#8221;][\/vc_column][vc_column width=&#8221;1\/3&#8243;][\/vc_column][\/vc_row][vc_row row_type=&#8221;row&#8221; use_row_as_full_screen_section=&#8221;no&#8221; type=&#8221;full_width&#8221; text_align=&#8221;left&#8221; background_animation=&#8221;none&#8221; padding_top=&#8221;20&#8243; css_animation=&#8221;&#8221;][vc_column][vc_column_text]<\/p>\n<h2>Sprechzeiten in der vorlesungsfreien Zeit<\/h2>\n<p>[\/vc_column_text][vc_separator type=&#8221;transparent&#8221; border_style=&#8221;&#8221;][\/vc_column][\/vc_row][vc_row row_type=&#8221;row&#8221; use_row_as_full_screen_section=&#8221;no&#8221; type=&#8221;full_width&#8221; text_align=&#8221;center&#8221; background_animation=&#8221;none&#8221; padding_bottom=&#8221;20&#8243; css_animation=&#8221;&#8221;][vc_column width=&#8221;1\/3&#8243;][vc_accordion active_tab=&#8221;false&#8221; collapsible=&#8221;yes&#8221; style=&#8221;boxed_toggle&#8221;][vc_accordion_tab title=&#8221;Maximilian Arend&#8221; title_tag=&#8221;h3&#8243; title_color=&#8221;#003366&#8243; background_color=&#8221;#f5f5f5&#8243;][vc_column_text]<\/p>\n<p style=\"text-align: center;\">nach Vereinbarung<\/p>\n<p style=\"text-align: center;\"><a href=\"mailto:maximilian.arend@uni-jena.de\">maximilian.arend@uni-jena.de<\/a><\/p>\n<p>[\/vc_column_text][\/vc_accordion_tab][\/vc_accordion][\/vc_column][vc_column width=&#8221;1\/3&#8243;][vc_accordion active_tab=&#8221;false&#8221; collapsible=&#8221;yes&#8221; style=&#8221;boxed_toggle&#8221;][vc_accordion_tab title=&#8221;Dr. Thomas Berger&#8221; title_tag=&#8221;h3&#8243; title_color=&#8221;#003366&#8243; background_color=&#8221;#f5f5f5&#8243;][vc_column_text]<\/p>\n<p style=\"text-align: center;\">nach Vereinbarung<\/p>\n<p style=\"text-align: center;\"><a href=\"mailto:thomas.berger@uni-jena.de\">thomas.berger@uni-jena.de<\/a><\/p>\n<p>[\/vc_column_text][\/vc_accordion_tab][\/vc_accordion][\/vc_column][\/vc_row][vc_row row_type=&#8221;row&#8221; use_row_as_full_screen_section=&#8221;no&#8221; type=&#8221;full_width&#8221; text_align=&#8221;center&#8221; background_animation=&#8221;none&#8221; padding_bottom=&#8221;20&#8243; css_animation=&#8221;&#8221;][vc_column width=&#8221;1\/3&#8243;][vc_accordion active_tab=&#8221;false&#8221; collapsible=&#8221;yes&#8221; style=&#8221;boxed_toggle&#8221;][vc_accordion_tab title=&#8221;Dr. des. Gerrit Helm&#8221; title_tag=&#8221;h3&#8243; title_color=&#8221;#003366&#8243; background_color=&#8221;#f5f5f5&#8243;][vc_column_text]<\/p>\n<p style=\"text-align: center;\">nach Vereinbarung<\/p>\n<p style=\"text-align: center;\"><a href=\"mailto:thomas.berger@uni-jena.de\">gerrit.helm@uni-jena.de<\/a><\/p>\n<p>[\/vc_column_text][\/vc_accordion_tab][\/vc_accordion][\/vc_column][vc_column width=&#8221;1\/3&#8243;][vc_accordion active_tab=&#8221;false&#8221; collapsible=&#8221;yes&#8221; style=&#8221;boxed_toggle&#8221;][vc_accordion_tab title=&#8221;Dr. Florian Hesse&#8221; title_tag=&#8221;h3&#8243; title_color=&#8221;#003366&#8243; background_color=&#8221;#f5f5f5&#8243;][vc_column_text]<\/p>\n<p style=\"text-align: center;\">nach Vereinbarung<\/p>\n<p style=\"text-align: center;\"><a href=\"mailto:florian.hesse@uni-jena.de\">florian.hesse@uni-jena.de<\/a><\/p>\n<p>[\/vc_column_text][\/vc_accordion_tab][\/vc_accordion][\/vc_column][\/vc_row][vc_row row_type=&#8221;row&#8221; use_row_as_full_screen_section=&#8221;no&#8221; type=&#8221;full_width&#8221; text_align=&#8221;center&#8221; background_animation=&#8221;none&#8221; padding_bottom=&#8221;20&#8243; css_animation=&#8221;&#8221;][vc_column width=&#8221;1\/3&#8243;][vc_accordion active_tab=&#8221;false&#8221; collapsible=&#8221;yes&#8221; style=&#8221;boxed_toggle&#8221;][vc_accordion_tab title=&#8221;Anna-Maria Pohle&#8221; title_tag=&#8221;h3&#8243; title_color=&#8221;#003366&#8243; background_color=&#8221;#f5f5f5&#8243;][vc_column_text]<\/p>\n<p style=\"text-align: center;\">nach Vereinbarung<\/p>\n<p style=\"text-align: center;\"><a href=\"mailto:anna-maria.pohle@uni-jena.de\">anna-maria.pohle@uni-jena.de<\/a><\/p>\n<p>[\/vc_column_text][\/vc_accordion_tab][\/vc_accordion][\/vc_column][vc_column width=&#8221;1\/3&#8243;][vc_accordion active_tab=&#8221;false&#8221; collapsible=&#8221;yes&#8221; style=&#8221;boxed_toggle&#8221;][vc_accordion_tab title=&#8221;Anna Seeber&#8221; title_tag=&#8221;h3&#8243; title_color=&#8221;#003366&#8243; background_color=&#8221;#f5f5f5&#8243;][vc_column_text]<\/p>\n<p style=\"text-align: center;\">nach Vereinbarung<\/p>\n<p style=\"text-align: center;\"><a href=\"mailto:anna.seeber@schule.thueringen.de\">anna.seeber@schule.thueringen.de<\/a><\/p>\n<p>[\/vc_column_text][\/vc_accordion_tab][\/vc_accordion][\/vc_column][\/vc_row][vc_row row_type=&#8221;row&#8221; use_row_as_full_screen_section=&#8221;no&#8221; type=&#8221;full_width&#8221; text_align=&#8221;center&#8221; background_animation=&#8221;none&#8221; padding_bottom=&#8221;20&#8243; css_animation=&#8221;&#8221;][vc_column width=&#8221;1\/3&#8243;][vc_accordion active_tab=&#8221;false&#8221; collapsible=&#8221;yes&#8221; style=&#8221;boxed_toggle&#8221;][vc_accordion_tab title=&#8221;Laura Stadtm\u00fcller&#8221; title_tag=&#8221;h3&#8243; title_color=&#8221;#003366&#8243; background_color=&#8221;#f5f5f5&#8243;][vc_column_text]<\/p>\n<p style=\"text-align: center;\">nach Vereinbarung<\/p>\n<p style=\"text-align: center;\"><a href=\"mailto:laura.stadtmueller@uni-jena.de\">laura.stadtmueller@uni-jena.de<\/a><\/p>\n<p>[\/vc_column_text][\/vc_accordion_tab][\/vc_accordion][\/vc_column][vc_column width=&#8221;1\/3&#8243;][vc_accordion active_tab=&#8221;false&#8221; collapsible=&#8221;yes&#8221; style=&#8221;boxed_toggle&#8221;][vc_accordion_tab title=&#8221;Prof. Dr. Iris Winkler&#8221; title_tag=&#8221;h3&#8243; title_color=&#8221;#003366&#8243; background_color=&#8221;#f5f5f5&#8243;][vc_column_text]<\/p>\n<p style=\"text-align: center;\">jeweils nach Voranmeldung<\/p>\n<p style=\"text-align: center;\"><a href=\"mailto:kerstin.wuthenow@uni-jena.de\">kerstin.wuthenow@uni-jena.de<\/a><\/p>\n<p style=\"text-align: center;\"><strong>Vorlesungsfreie Zeit:<\/strong><br \/>\nnach Vereinbarung<\/p>\n<p style=\"text-align: center;\"><strong>Sommersemester 2026:<\/strong><br \/>\nMontag, 15:00 \u2013 16:00 Uhr<\/p>\n<p>[\/vc_column_text][\/vc_accordion_tab][\/vc_accordion][\/vc_column][\/vc_row][vc_row row_type=&#8221;row&#8221; use_row_as_full_screen_section=&#8221;no&#8221; type=&#8221;full_width&#8221; text_align=&#8221;center&#8221; background_animation=&#8221;none&#8221; padding_bottom=&#8221;20&#8243; css_animation=&#8221;&#8221;][vc_column width=&#8221;1\/3&#8243;][vc_accordion active_tab=&#8221;false&#8221; collapsible=&#8221;yes&#8221; style=&#8221;boxed_toggle&#8221;][vc_accordion_tab title=&#8221;Ulrike Vorwald&#8221; title_tag=&#8221;h3&#8243; title_color=&#8221;#003366&#8243; background_color=&#8221;#f5f5f5&#8243;][vc_column_text]<\/p>\n<p style=\"text-align: center;\">nach Vereinbarung<\/p>\n<p style=\"text-align: center;\"><a href=\"mailto:ulrike.vorwald@schule.thueringen.de\">ulrike.vorwald@schule.thueringen.de<\/a><\/p>\n<p>[\/vc_column_text][\/vc_accordion_tab][\/vc_accordion][\/vc_column][vc_column width=&#8221;1\/3&#8243;][vc_accordion active_tab=&#8221;false&#8221; collapsible=&#8221;yes&#8221; style=&#8221;boxed_toggle&#8221;][vc_accordion_tab title=&#8221;&#8221; title_tag=&#8221;h3&#8243; title_color=&#8221;#003366&#8243; background_color=&#8221;#f5f5f5&#8243;][vc_column_text][\/vc_column_text][\/vc_accordion_tab][\/vc_accordion][\/vc_column][\/vc_row][vc_row row_type=&#8221;row&#8221; use_row_as_full_screen_section=&#8221;no&#8221; type=&#8221;full_width&#8221; text_align=&#8221;center&#8221; background_animation=&#8221;none&#8221; padding_bottom=&#8221;20&#8243; css_animation=&#8221;&#8221;][vc_column width=&#8221;1\/3&#8243;][vc_separator type=&#8221;transparent&#8221; border_style=&#8221;&#8221; thickness=&#8221;35&#8243;][\/vc_column][vc_column width=&#8221;1\/3&#8243;][vc_separator type=&#8221;transparent&#8221; border_style=&#8221;&#8221; thickness=&#8221;35&#8243;][\/vc_column][\/vc_row]<\/p>\n","protected":false},"excerpt":{"rendered":"<p>[vc_row row_type=&#8221;row&#8221; use_row_as_full_screen_section=&#8221;no&#8221; type=&#8221;full_width&#8221; text_align=&#8221;left&#8221; background_animation=&#8221;none&#8221; padding_top=&#8221;20&#8243; css_animation=&#8221;&#8221;][vc_column width=&#8221;2\/3&#8243;][vc_column_text] Studien- und Fachberatung [\/vc_column_text][vc_separator type=&#8221;transparent&#8221; border_style=&#8221;&#8221;][vc_column_text]Wenn&#8230;<\/p>\n","protected":false},"author":1,"featured_media":0,"parent":0,"menu_order":0,"comment_status":"closed","ping_status":"closed","template":"","meta":{"footnotes":""},"class_list":["post-21719","page","type-page","status-publish","hentry"],"_links":{"self":[{"href":"https:\/\/didaktikdeutsch.de\/en\/wp-json\/wp\/v2\/pages\/21719","targetHints":{"allow":["GET"]}}],"collection":[{"href":"https:\/\/didaktikdeutsch.de\/en\/wp-json\/wp\/v2\/pages"}],"about":[{"href":"https:\/\/didaktikdeutsch.de\/en\/wp-json\/wp\/v2\/types\/page"}],"author":[{"embeddable":true,"href":"https:\/\/didaktikdeutsch.de\/en\/wp-json\/wp\/v2\/users\/1"}],"replies":[{"embeddable":true,"href":"https:\/\/didaktikdeutsch.de\/en\/wp-json\/wp\/v2\/comments?post=21719"}],"version-history":[{"count":106,"href":"https:\/\/didaktikdeutsch.de\/en\/wp-json\/wp\/v2\/pages\/21719\/revisions"}],"predecessor-version":[{"id":24256,"href":"https:\/\/didaktikdeutsch.de\/en\/wp-json\/wp\/v2\/pages\/21719\/revisions\/24256"}],"wp:attachment":[{"href":"https:\/\/didaktikdeutsch.de\/en\/wp-json\/wp\/v2\/media?parent=21719"}],"curies":[{"name":"wp","href":"https:\/\/api.w.org\/{rel}","templated":true}]}}