{"id":21529,"date":"2018-01-24T10:49:00","date_gmt":"2018-01-24T10:49:00","guid":{"rendered":"http:\/\/didaktikdeutsch.uni-jena.de\/?page_id=21529"},"modified":"2024-05-28T15:18:33","modified_gmt":"2024-05-28T15:18:33","slug":"impressum","status":"publish","type":"page","link":"https:\/\/didaktikdeutsch.de\/en\/impressum\/","title":{"rendered":"Impressum"},"content":{"rendered":"<p>[vc_row row_type=&#8221;row&#8221; use_row_as_full_screen_section=&#8221;no&#8221; type=&#8221;full_width&#8221; text_align=&#8221;left&#8221; background_animation=&#8221;none&#8221; css_animation=&#8221;&#8221;][vc_column width=&#8221;2\/3&#8243;][vc_column_text]<\/p>\n<h2>Impressum<\/h2>\n<p>[\/vc_column_text][vc_separator type=&#8221;transparent&#8221; border_style=&#8221;&#8221;][\/vc_column][vc_column width=&#8221;1\/3&#8243;][\/vc_column][\/vc_row][vc_row row_type=&#8221;row&#8221; use_row_as_full_screen_section=&#8221;no&#8221; type=&#8221;full_width&#8221; text_align=&#8221;left&#8221; background_animation=&#8221;none&#8221; css_animation=&#8221;&#8221;][vc_column width=&#8221;2\/3&#8243;][vc_column_text]<strong>Friedrich-Schiller-Universit\u00e4t Jena<\/strong><br \/>\nDer Pr\u00e4sident<br \/>\nF\u00fcrstengraben 1<br \/>\n07743 Jena<\/p>\n<p>Die Friedrich-Schiller-Universit\u00e4t Jena ist eine K\u00f6rperschaft des \u00d6ffentlichen Rechts.<\/p>\n<p>Sie wird durch ihren Pr\u00e4sidenten Professor Dr. Walter Rosenthal gesetzlich vertreten.<\/p>\n<p>F\u00fcr allgemeine Anfragen verwenden Sie bitte unsere <a href=\"https:\/\/www.uni-jena.de\/Kontakt\" target=\"_blank\" rel=\"noopener\">Kontaktseite<\/a>.<\/p>\n<p><strong>\u00a0<\/strong><\/p>\n<p><strong>Zust\u00e4ndige Aufsichtsbeh\u00f6rde<\/strong><\/p>\n<p>Th\u00fcringer Ministerium f\u00fcr Wirtschaft, Wissenschaft und Digitale Gesellschaft<br \/>\nMax-Reger-Stra\u00dfe 4 \u2013 8<br \/>\n99096 Erfurt<\/p>\n<p><strong>\u00a0<\/strong><\/p>\n<p><strong>Umsatzsteueridentifikations-Nr. nach \u00a7 27a UStG<\/strong><\/p>\n<p>DE 150546536[\/vc_column_text][vc_separator type=&#8221;transparent&#8221; border_style=&#8221;&#8221; thickness=&#8221;15&#8243;][vc_column_text]<strong>Herausgeberin<\/strong><\/p>\n<p>Verantwortlich f\u00fcr die redaktionelle Betreuung ist Friedrich-Schiller-Universit\u00e4t Jena<\/p>\n<p>Fachdidaktik Deutsch<\/p>\n<p>Prof. Dr. Iris Winkler<\/p>\n<p>F\u00fcrstengraben 18<\/p>\n<p>07743 Jena<\/p>\n<p>iris.winkler@uni-jena.de<\/p>\n<p>+49 3641 9-44250<\/p>\n<p>+49 3641 9-44252<\/p>\n<p>&nbsp;<\/p>\n<p><strong>Webseitenbetreuung <\/strong><\/p>\n<p>Kerstin Wuthenow, kerstin.wuthenow@uni-jena.de[\/vc_column_text][vc_separator type=&#8221;transparent&#8221; border_style=&#8221;&#8221;][vc_column_text]<strong>Gestaltung und Umsetzung<\/strong><\/p>\n<p>Katja Reiche designpart.de | Konzeption Katja Reiche und Ole Marten[\/vc_column_text][vc_separator type=&#8221;transparent&#8221; border_style=&#8221;&#8221; thickness=&#8221;35&#8243;][\/vc_column][vc_column width=&#8221;1\/3&#8243;][\/vc_column][\/vc_row]<\/p>\n","protected":false},"excerpt":{"rendered":"<p>[vc_row row_type=&#8221;row&#8221; use_row_as_full_screen_section=&#8221;no&#8221; type=&#8221;full_width&#8221; text_align=&#8221;left&#8221; background_animation=&#8221;none&#8221; css_animation=&#8221;&#8221;][vc_column width=&#8221;2\/3&#8243;][vc_column_text] Impressum [\/vc_column_text][vc_separator type=&#8221;transparent&#8221; border_style=&#8221;&#8221;][\/vc_column][vc_column width=&#8221;1\/3&#8243;][\/vc_column][\/vc_row][vc_row row_type=&#8221;row&#8221; use_row_as_full_screen_section=&#8221;no&#8221;&#8230;<\/p>\n","protected":false},"author":1,"featured_media":0,"parent":0,"menu_order":0,"comment_status":"closed","ping_status":"closed","template":"","meta":{"footnotes":""},"class_list":["post-21529","page","type-page","status-publish","hentry"],"_links":{"self":[{"href":"https:\/\/didaktikdeutsch.de\/en\/wp-json\/wp\/v2\/pages\/21529","targetHints":{"allow":["GET"]}}],"collection":[{"href":"https:\/\/didaktikdeutsch.de\/en\/wp-json\/wp\/v2\/pages"}],"about":[{"href":"https:\/\/didaktikdeutsch.de\/en\/wp-json\/wp\/v2\/types\/page"}],"author":[{"embeddable":true,"href":"https:\/\/didaktikdeutsch.de\/en\/wp-json\/wp\/v2\/users\/1"}],"replies":[{"embeddable":true,"href":"https:\/\/didaktikdeutsch.de\/en\/wp-json\/wp\/v2\/comments?post=21529"}],"version-history":[{"count":15,"href":"https:\/\/didaktikdeutsch.de\/en\/wp-json\/wp\/v2\/pages\/21529\/revisions"}],"predecessor-version":[{"id":22954,"href":"https:\/\/didaktikdeutsch.de\/en\/wp-json\/wp\/v2\/pages\/21529\/revisions\/22954"}],"wp:attachment":[{"href":"https:\/\/didaktikdeutsch.de\/en\/wp-json\/wp\/v2\/media?parent=21529"}],"curies":[{"name":"wp","href":"https:\/\/api.w.org\/{rel}","templated":true}]}}