{"id":21386,"date":"2018-01-17T10:34:49","date_gmt":"2018-01-17T10:34:49","guid":{"rendered":"http:\/\/didaktikdeutsch.uni-jena.de\/?page_id=21386"},"modified":"2024-05-28T15:20:25","modified_gmt":"2024-05-28T15:20:25","slug":"studienumfang","status":"publish","type":"page","link":"https:\/\/didaktikdeutsch.de\/en\/studienumfang\/","title":{"rendered":"Studienumfang"},"content":{"rendered":"<p>[vc_row row_type=&#8221;row&#8221; use_row_as_full_screen_section=&#8221;no&#8221; type=&#8221;full_width&#8221; text_align=&#8221;left&#8221; background_animation=&#8221;none&#8221; css_animation=&#8221;&#8221;][vc_column][vc_column_text]<\/p>\n<h2>Was wird studiert?<\/h2>\n<p>[\/vc_column_text][vc_separator type=&#8221;transparent&#8221; border_style=&#8221;&#8221;][vc_column_text]Das fachdidaktische Studium zielt als erste Phase der Lehrerbildung darauf, die Studierenden zur von wissenschaftlichen Kriterien geleiteten Planung, Durchf\u00fchrung und Evaluation von Deutschunterricht zu bef\u00e4higen. Thematisiert werden u.a. die Auswahl von Unterrichtsgegenst\u00e4nden, die Zielorientierung von Deutschunterricht, Steuerungsinstrumente und Diagnosem\u00f6glichkeiten im Deutschunterricht. Eine Besonderheit der Jenaer Lehramtsstudieng\u00e4nge Deutsch ist, dass Fachwissenschaft und Fachdidaktik nicht nur nebeneinander studiert, sondern aufs Engste miteinander verzahnt werden. Zu diesem Zweck werden spezielle Module angeboten, die jeweils von einer\/m Lehrenden der Fachwissenschaft und der Fachdidaktik gemeinsam durchgef\u00fchrt werden (\u201eLinguistik und Schule\u201c sowie \u201eLiteraturwissenschaft und Schule\u201c).[\/vc_column_text][vc_separator type=&#8221;transparent&#8221; border_style=&#8221;&#8221;][\/vc_column][\/vc_row][vc_row row_type=&#8221;row&#8221; use_row_as_full_screen_section=&#8221;no&#8221; type=&#8221;full_width&#8221; text_align=&#8221;left&#8221; background_animation=&#8221;none&#8221; padding_top=&#8221;20&#8243; css_animation=&#8221;&#8221;][vc_column][vc_column_text]<\/p>\n<h2>Der Studienaufbau<\/h2>\n<p>[\/vc_column_text][vc_separator type=&#8221;transparent&#8221; border_style=&#8221;&#8221;][\/vc_column][\/vc_row][vc_row row_type=&#8221;row&#8221; use_row_as_full_screen_section=&#8221;no&#8221; type=&#8221;full_width&#8221; text_align=&#8221;left&#8221; background_animation=&#8221;none&#8221; css_animation=&#8221;&#8221;][vc_column width=&#8221;1\/2&#8243;][qode_elements_holder number_of_columns=&#8221;one_column&#8221;][qode_elements_holder_item background_color=&#8221;#e5e5e5&#8243; item_padding=&#8221;30px 0px 30px 0px &#8220;][vc_column_text]<\/p>\n<h3 style=\"text-align: center;\">Grundstudium<\/h3>\n<p>[\/vc_column_text][\/qode_elements_holder_item][\/qode_elements_holder][vc_separator type=&#8221;full_width&#8221; color=&#8221;#003366&#8243; border_style=&#8221;&#8221; up=&#8221;0&#8243; down=&#8221;0&#8243;][qode_elements_holder background_color=&#8221;#f5f5f5&#8243; number_of_columns=&#8221;one_column&#8221;][qode_elements_holder_item background_color=&#8221;#f5f5f5&#8243; item_padding=&#8221;45px 0px 45px 0px &#8221; item_padding_1280_1600=&#8221;10 10 10 10&#8243;][vc_column_text]<\/p>\n<h3 style=\"text-align: center;\">Praxissemester<\/h3>\n<p>[\/vc_column_text][\/qode_elements_holder_item][\/qode_elements_holder][vc_separator type=&#8221;full_width&#8221; color=&#8221;#003366&#8243; border_style=&#8221;solid&#8221; up=&#8221;0&#8243; down=&#8221;0&#8243;][qode_elements_holder background_color=&#8221;#f5f5f5&#8243; number_of_columns=&#8221;one_column&#8221;][qode_elements_holder_item background_color=&#8221;#e5e5e5&#8243; item_padding=&#8221;45px 0px 345px 0px &#8221; item_padding_1280_1600=&#8221;10 10 10 10&#8243;][vc_column_text]<\/p>\n<h3 style=\"text-align: center;\">Hauptstudium<\/h3>\n<p>[\/vc_column_text][\/qode_elements_holder_item][\/qode_elements_holder][\/vc_column][vc_column width=&#8221;1\/2&#8243;][qode_elements_holder number_of_columns=&#8221;one_column&#8221;][qode_elements_holder_item background_color=&#8221;#e5e5e5&#8243; item_padding=&#8221;30px 0px 30px 10px &#8221; item_padding_1280_1600=&#8221;10 10 10 10&#8243;][vc_column_text]<\/p>\n<h3>Modul \u201eFachdidaktik I\u201c (Vorlesung und Seminar, 5 LP)<\/h3>\n<p>[\/vc_column_text][\/qode_elements_holder_item][\/qode_elements_holder][vc_separator type=&#8221;full_width&#8221; color=&#8221;#003366&#8243; border_style=&#8221;solid&#8221; up=&#8221;0&#8243; down=&#8221;0&#8243;][qode_elements_holder background_color=&#8221;#f5f5f5&#8243; number_of_columns=&#8221;one_column&#8221;][qode_elements_holder_item background_color=&#8221;#f5f5f5&#8243; item_padding=&#8221;45px 0px 45px 10px &#8221; vertical_alignment=&#8221;middle&#8221; item_padding_1280_1600=&#8221;10 10 10 10&#8243;][vc_column_text]<\/p>\n<h3 style=\"text-align: left;\">Praktikumsbegleitendes Seminar Fachdidaktik Deutsch (5 LP)<\/h3>\n<p>[\/vc_column_text][\/qode_elements_holder_item][\/qode_elements_holder][vc_separator type=&#8221;full_width&#8221; color=&#8221;#003366&#8243; border_style=&#8221;solid&#8221; up=&#8221;0&#8243; down=&#8221;0&#8243;][qode_elements_holder background_color=&#8221;#f5f5f5&#8243; number_of_columns=&#8221;one_column&#8221;][qode_elements_holder_item background_color=&#8221;#e5e5e5&#8243; item_padding=&#8221;40px 0px 40px 10px &#8221; item_padding_1280_1600=&#8221;10 10 10 10&#8243;][vc_column_text]<\/p>\n<h3>\u201eLiteraturwissenschaft und Schule\u201c (insgesamt 10 LP, davon<\/h3>\n<h3>2 LP Fachdidaktik im kombinierten Seminar)<\/h3>\n<p>[\/vc_column_text][\/qode_elements_holder_item][\/qode_elements_holder][qode_elements_holder background_color=&#8221;#f5f5f5&#8243; number_of_columns=&#8221;one_column&#8221;][qode_elements_holder_item background_color=&#8221;#f5f5f5&#8243; item_padding=&#8221;30px 0px 30px 10px &#8221; item_padding_1280_1600=&#8221;10 10 10 10&#8243;][vc_column_text]<\/p>\n<h3>\u201eLinguistik und Schule\u201c (insgesamt 10 LP, davon 2 LP Fachdidaktik im kombinierten Seminar)<\/h3>\n<p>[\/vc_column_text][\/qode_elements_holder_item][\/qode_elements_holder][qode_elements_holder background_color=&#8221;#f5f5f5&#8243; number_of_columns=&#8221;one_column&#8221;][qode_elements_holder_item background_color=&#8221;#e5e5e5&#8243; item_padding=&#8221;30px 0px 30px 10px &#8221; item_padding_1280_1600=&#8221;10 10 10 10&#8243;][vc_column_text]<\/p>\n<h3>Vorbereitungsmodul Deutschdidaktik m\u00fcndliche Pr\u00fcfung<\/h3>\n<h3>(5 LP)<\/h3>\n<p>[\/vc_column_text][\/qode_elements_holder_item][\/qode_elements_holder][qode_elements_holder background_color=&#8221;#f5f5f5&#8243; number_of_columns=&#8221;one_column&#8221;][qode_elements_holder_item background_color=&#8221;#f5f5f5&#8243; item_padding=&#8221;20px 0px 20px 10px &#8221; item_padding_1280_1600=&#8221;10 10 10 10&#8243;][vc_column_text]<\/p>\n<h3>[Evtl. Wissenschaftliche Hausarbeit]<\/h3>\n<p>[\/vc_column_text][\/qode_elements_holder_item][\/qode_elements_holder][vc_separator type=&#8221;transparent&#8221; border_style=&#8221;&#8221; thickness=&#8221;35&#8243;][\/vc_column][\/vc_row]<\/p>\n","protected":false},"excerpt":{"rendered":"<p>[vc_row row_type=&#8221;row&#8221; use_row_as_full_screen_section=&#8221;no&#8221; type=&#8221;full_width&#8221; text_align=&#8221;left&#8221; background_animation=&#8221;none&#8221; css_animation=&#8221;&#8221;][vc_column][vc_column_text] Was wird studiert? [\/vc_column_text][vc_separator type=&#8221;transparent&#8221; border_style=&#8221;&#8221;][vc_column_text]Das fachdidaktische Studium&#8230;<\/p>\n","protected":false},"author":1,"featured_media":0,"parent":0,"menu_order":0,"comment_status":"closed","ping_status":"closed","template":"","meta":{"footnotes":""},"class_list":["post-21386","page","type-page","status-publish","hentry"],"_links":{"self":[{"href":"https:\/\/didaktikdeutsch.de\/en\/wp-json\/wp\/v2\/pages\/21386","targetHints":{"allow":["GET"]}}],"collection":[{"href":"https:\/\/didaktikdeutsch.de\/en\/wp-json\/wp\/v2\/pages"}],"about":[{"href":"https:\/\/didaktikdeutsch.de\/en\/wp-json\/wp\/v2\/types\/page"}],"author":[{"embeddable":true,"href":"https:\/\/didaktikdeutsch.de\/en\/wp-json\/wp\/v2\/users\/1"}],"replies":[{"embeddable":true,"href":"https:\/\/didaktikdeutsch.de\/en\/wp-json\/wp\/v2\/comments?post=21386"}],"version-history":[{"count":11,"href":"https:\/\/didaktikdeutsch.de\/en\/wp-json\/wp\/v2\/pages\/21386\/revisions"}],"predecessor-version":[{"id":21742,"href":"https:\/\/didaktikdeutsch.de\/en\/wp-json\/wp\/v2\/pages\/21386\/revisions\/21742"}],"wp:attachment":[{"href":"https:\/\/didaktikdeutsch.de\/en\/wp-json\/wp\/v2\/media?parent=21386"}],"curies":[{"name":"wp","href":"https:\/\/api.w.org\/{rel}","templated":true}]}}